{"id":6383,"date":"2024-02-16T21:34:07","date_gmt":"2024-02-16T21:34:07","guid":{"rendered":"https:\/\/eminteknikservis.com\/?post_type=product&#038;p=6383"},"modified":"2024-02-16T23:00:48","modified_gmt":"2024-02-16T23:00:48","slug":"dahua-vto2311r-wp-ip-villa-tipi-zil-paneli","status":"publish","type":"product","link":"https:\/\/eminteknikservis.com\/index.php\/\/urun\/dahua-vto2311r-wp-ip-villa-tipi-zil-paneli\/","title":{"rendered":"DAHUA VTO2311R-WP IP Villa Tipi Zil Paneli"},"content":{"rendered":"<h1>DAHUA VTO2311R-WP IP Villa Tipi Zil Paneli<\/h1>\n<div class=\"ps-product__meta\"><\/div>\n","protected":false},"excerpt":{"rendered":"<p>DAHUA VTO2311R-WP IP Villa Tipi Zil Paneli<\/p>\n<p class=\"ps-product__meta\">IP Villa Tipi Zil Paneli Ultra ince dizayn<br \/>\nD\u0131\u015f ve i\u00e7 ortamda kullan\u0131labilir<br \/>\n1\/2.8&#8243; 2-MP HD CMOS kamera.<br \/>\n\u0130\u00e7 ortam monit\u00f6r\u00fc ile \u00e7ift y\u00f6nl\u00fc konu\u015fma deste\u011fi<br \/>\nUygulama \u00fczerinden g\u00f6r\u00fcnt\u00fcl\u00fc arama ve kilit a\u00e7ma<br \/>\nIP65 koruma s\u0131n\u0131f\u0131<br \/>\nH.264 ve H.265 kodlama.<br \/>\nIC kart ile kilit a\u00e7ma.<br \/>\nPoE g\u00fc\u00e7 besleme.<\/p>\n","protected":false},"featured_media":6384,"comment_status":"open","ping_status":"closed","template":"","meta":{"om_disable_all_campaigns":false,"_monsterinsights_skip_tracking":false,"_monsterinsights_sitenote_active":false,"_monsterinsights_sitenote_note":"","_monsterinsights_sitenote_category":0,"_uf_show_specific_survey":0,"_uf_disable_surveys":false},"product_brand":[],"product_cat":[231],"product_tag":[],"class_list":{"0":"post-6383","1":"product","2":"type-product","3":"status-publish","4":"has-post-thumbnail","6":"product_cat-interkom-sistemleri","7":"ts_product_brand-dahua","9":"first","10":"instock","11":"taxable","12":"shipping-taxable","13":"product-type-simple","14":"add-to-wishlist-after_add_to_cart"},"aioseo_notices":[],"_links":{"self":[{"href":"https:\/\/eminteknikservis.com\/index.php\/wp-json\/wp\/v2\/product\/6383","targetHints":{"allow":["GET"]}}],"collection":[{"href":"https:\/\/eminteknikservis.com\/index.php\/wp-json\/wp\/v2\/product"}],"about":[{"href":"https:\/\/eminteknikservis.com\/index.php\/wp-json\/wp\/v2\/types\/product"}],"replies":[{"embeddable":true,"href":"https:\/\/eminteknikservis.com\/index.php\/wp-json\/wp\/v2\/comments?post=6383"}],"version-history":[{"count":2,"href":"https:\/\/eminteknikservis.com\/index.php\/wp-json\/wp\/v2\/product\/6383\/revisions"}],"predecessor-version":[{"id":6427,"href":"https:\/\/eminteknikservis.com\/index.php\/wp-json\/wp\/v2\/product\/6383\/revisions\/6427"}],"wp:featuredmedia":[{"embeddable":true,"href":"https:\/\/eminteknikservis.com\/index.php\/wp-json\/wp\/v2\/media\/6384"}],"wp:attachment":[{"href":"https:\/\/eminteknikservis.com\/index.php\/wp-json\/wp\/v2\/media?parent=6383"}],"wp:term":[{"taxonomy":"product_brand","embeddable":true,"href":"https:\/\/eminteknikservis.com\/index.php\/wp-json\/wp\/v2\/product_brand?post=6383"},{"taxonomy":"product_cat","embeddable":true,"href":"https:\/\/eminteknikservis.com\/index.php\/wp-json\/wp\/v2\/product_cat?post=6383"},{"taxonomy":"product_tag","embeddable":true,"href":"https:\/\/eminteknikservis.com\/index.php\/wp-json\/wp\/v2\/product_tag?post=6383"}],"curies":[{"name":"wp","href":"https:\/\/api.w.org\/{rel}","templated":true}]}}