{"id":6365,"date":"2024-02-16T20:54:35","date_gmt":"2024-02-16T20:54:35","guid":{"rendered":"https:\/\/eminteknikservis.com\/?post_type=product&#038;p=6365"},"modified":"2024-02-16T21:42:55","modified_gmt":"2024-02-16T21:42:55","slug":"trface-200-yuz-tanima-terminali-proximity","status":"publish","type":"product","link":"https:\/\/eminteknikservis.com\/index.php\/\/urun\/trface-200-yuz-tanima-terminali-proximity\/","title":{"rendered":"TrFace 200 Y\u00fcz Tan\u0131ma Terminali Proximity"},"content":{"rendered":"<p>TrFace 200 y\u00fcz tan\u0131ma terminali;<br \/>\ny\u00fcz tan\u0131ma ge\u00e7i\u015fi ile turnike ve kap\u0131 a\u00e7ma \u00f6zelli\u011fine sahip okuyucu,<br \/>\ni\u00e7 mekanlara uygun olarak kullan\u0131lmaktad\u0131r.<br \/>\n1500 y\u00fcz tan\u0131ma,<br \/>\n2000 kart kapasitesine kapasitesine sahip okuyucunun log kapasitesi 100.000 dir.<br \/>\nKullan\u0131c\u0131lar verileri TCP\/IP ba\u011flant\u0131s\u0131 ile kolayca yaz\u0131l\u0131m ile y\u00f6netebilirler ve USB ba\u011flant\u0131s\u0131 ile t\u00fcm 100.000 log hareketi kolayca cihazdan al\u0131nabilir.<br \/>\nTCP \/ IP ileti\u015fim portal\u0131 ile do\u011frudan haberle\u015fen okuyucudan t\u00fcm log bilgileri, giri\u015f \u00e7\u0131k\u0131\u015f bilgisi, ki\u015fi bazl\u0131 yetkilendirme, g\u00fcnl\u00fck, haftal\u0131k, ayl\u0131k gibi t\u00fcm raporlar yaz\u0131l\u0131m ile al\u0131nabilmektedir.<br \/>\n2.8 in\u00e7 dokunmatik ekran\u0131 olan TrFace 200 y\u00fcz tan\u0131ma terminalinde y\u00fcz ile giri\u015f yap\u0131ld\u0131\u011f\u0131nda ; e\u011fer kaydedilmi\u015fse ki\u015fi ismi gibi bilgiler g\u00f6r\u00fcnmektedir.<br \/>\n\u00dczerinde r\u00f6le olan okuyucu turnike ve kap\u0131 a\u00e7abilmektedir.<br \/>\nDahili buzzer \u00f6zelli\u011fi ile ger\u00e7ekle\u015ftirilen her i\u015flemde sesli uyar\u0131 verir .<br \/>\nBu \u00f6zellikler ile TrFace 200 y\u00fcz tan\u0131ma terminali sadece k\u00fc\u00e7\u00fck i\u015f yerleri, evler, apartmanlar, site y\u00f6netimi i\u00e7in de\u011fil, ayn\u0131 zamanda fabrikalar, depolar, laboratuarlar, bankalar, cezaevleri gibi ticari ve end\u00fcstriyel uygulamalar i\u00e7in de ge\u00e7i\u015f kontrolleri i\u00e7in ideal bir \u00fcr\u00fcnd\u00fcr.<\/p>\n","protected":false},"excerpt":{"rendered":"<p>TrFace 200 Y\u00fcz Tan\u0131ma Terminali Proximity<\/p>\n<p>&nbsp;<\/p>\n","protected":false},"featured_media":6366,"comment_status":"open","ping_status":"closed","template":"","meta":{"om_disable_all_campaigns":false,"_monsterinsights_skip_tracking":false,"_monsterinsights_sitenote_active":false,"_monsterinsights_sitenote_note":"","_monsterinsights_sitenote_category":0,"_uf_show_specific_survey":0,"_uf_disable_surveys":false},"product_brand":[],"product_cat":[233],"product_tag":[],"class_list":{"0":"post-6365","1":"product","2":"type-product","3":"status-publish","4":"has-post-thumbnail","6":"product_cat-pdks-sistemleri","7":"ts_product_brand-zkteco","9":"first","10":"instock","11":"taxable","12":"shipping-taxable","13":"product-type-simple","14":"add-to-wishlist-after_add_to_cart"},"aioseo_notices":[],"_links":{"self":[{"href":"https:\/\/eminteknikservis.com\/index.php\/wp-json\/wp\/v2\/product\/6365","targetHints":{"allow":["GET"]}}],"collection":[{"href":"https:\/\/eminteknikservis.com\/index.php\/wp-json\/wp\/v2\/product"}],"about":[{"href":"https:\/\/eminteknikservis.com\/index.php\/wp-json\/wp\/v2\/types\/product"}],"replies":[{"embeddable":true,"href":"https:\/\/eminteknikservis.com\/index.php\/wp-json\/wp\/v2\/comments?post=6365"}],"version-history":[{"count":3,"href":"https:\/\/eminteknikservis.com\/index.php\/wp-json\/wp\/v2\/product\/6365\/revisions"}],"predecessor-version":[{"id":6387,"href":"https:\/\/eminteknikservis.com\/index.php\/wp-json\/wp\/v2\/product\/6365\/revisions\/6387"}],"wp:featuredmedia":[{"embeddable":true,"href":"https:\/\/eminteknikservis.com\/index.php\/wp-json\/wp\/v2\/media\/6366"}],"wp:attachment":[{"href":"https:\/\/eminteknikservis.com\/index.php\/wp-json\/wp\/v2\/media?parent=6365"}],"wp:term":[{"taxonomy":"product_brand","embeddable":true,"href":"https:\/\/eminteknikservis.com\/index.php\/wp-json\/wp\/v2\/product_brand?post=6365"},{"taxonomy":"product_cat","embeddable":true,"href":"https:\/\/eminteknikservis.com\/index.php\/wp-json\/wp\/v2\/product_cat?post=6365"},{"taxonomy":"product_tag","embeddable":true,"href":"https:\/\/eminteknikservis.com\/index.php\/wp-json\/wp\/v2\/product_tag?post=6365"}],"curies":[{"name":"wp","href":"https:\/\/api.w.org\/{rel}","templated":true}]}}