{"id":6052,"date":"2024-02-13T22:30:18","date_gmt":"2024-02-13T22:30:18","guid":{"rendered":"http:\/\/eminteknikservis.com\/?post_type=product&#038;p=6052"},"modified":"2024-02-13T22:32:51","modified_gmt":"2024-02-13T22:32:51","slug":"wiicap-10s-w","status":"publish","type":"product","link":"https:\/\/eminteknikservis.com\/index.php\/\/urun\/wiicap-10s-w\/","title":{"rendered":"WiiCAP 10S-W"},"content":{"rendered":"<p class=\"product_title entry-title wd-entities-title\"><strong>WiiCAP 10S-W<\/strong><\/p>\n<div class=\"title-subtitle subtitle-color-white subtitle-style-default wd-fontsize-m\">WiiCAP<\/div>\n<div class=\"liner-continer\">\n<h3 class=\"woodmart-title-container title wd-fontsize-xxxl\">AKILLI OTOMASYON PANEL\u0130<\/h3>\n<\/div>\n<div class=\"title-after_title set-cont-mb-s reset-last-child wd-fontsize-s\">\n<p>WiiCAP sizin i\u00e7in \u00f6zel olarak tasarland\u0131. Evinizin t\u00fcm ihtiya\u00e7lar\u0131 i\u00e7in geli\u015ftirildi. WiiCAP ile ayd\u0131nlatma, perde, oanjur, kombi, klima, elektrik, su do\u011falgaz, kap\u0131, interkom, alarm sens\u00f6rlerini kolayca y\u00f6netebilirsiniz.<\/p>\n<p>WiiCAP evinizi y\u00f6neterek konforlu ve huzurlu ya\u015fam\u0131n\u0131za yard\u0131mc\u0131 olur.<\/p>\n<\/div>\n","protected":false},"excerpt":{"rendered":"<p>WiiCAP 10S-W ak\u0131ll\u0131 otomasyon paneliyle evinizde ayd\u0131nlatma, iklimlendirme, g\u00fcvenlik veya daha fazlas\u0131 i\u00e7in kontrol\u00fc sa\u011flayabilirsiniz. Senaryo tan\u0131mlamas\u0131 yaparak toplu kontroller ger\u00e7ekle\u015ftirebilir, zaman ayarl\u0131 kontroller tan\u0131mlayarak rutin eylemlerinizi otomatikle\u015ftirebilirsiniz.<\/p>\n","protected":false},"featured_media":6053,"comment_status":"open","ping_status":"closed","template":"","meta":{"om_disable_all_campaigns":false,"_monsterinsights_skip_tracking":false,"_monsterinsights_sitenote_active":false,"_monsterinsights_sitenote_note":"","_monsterinsights_sitenote_category":0,"_uf_show_specific_survey":0,"_uf_disable_surveys":false},"product_brand":[],"product_cat":[63,117],"product_tag":[],"class_list":{"0":"post-6052","1":"product","2":"type-product","3":"status-publish","4":"has-post-thumbnail","6":"product_cat-akilli-ev-sistemleri","7":"product_cat-ic-panel","8":"ts_product_brand-wiihom","10":"first","11":"instock","12":"taxable","13":"shipping-taxable","14":"product-type-simple","15":"add-to-wishlist-after_add_to_cart"},"aioseo_notices":[],"_links":{"self":[{"href":"https:\/\/eminteknikservis.com\/index.php\/wp-json\/wp\/v2\/product\/6052","targetHints":{"allow":["GET"]}}],"collection":[{"href":"https:\/\/eminteknikservis.com\/index.php\/wp-json\/wp\/v2\/product"}],"about":[{"href":"https:\/\/eminteknikservis.com\/index.php\/wp-json\/wp\/v2\/types\/product"}],"replies":[{"embeddable":true,"href":"https:\/\/eminteknikservis.com\/index.php\/wp-json\/wp\/v2\/comments?post=6052"}],"version-history":[{"count":1,"href":"https:\/\/eminteknikservis.com\/index.php\/wp-json\/wp\/v2\/product\/6052\/revisions"}],"predecessor-version":[{"id":6056,"href":"https:\/\/eminteknikservis.com\/index.php\/wp-json\/wp\/v2\/product\/6052\/revisions\/6056"}],"wp:featuredmedia":[{"embeddable":true,"href":"https:\/\/eminteknikservis.com\/index.php\/wp-json\/wp\/v2\/media\/6053"}],"wp:attachment":[{"href":"https:\/\/eminteknikservis.com\/index.php\/wp-json\/wp\/v2\/media?parent=6052"}],"wp:term":[{"taxonomy":"product_brand","embeddable":true,"href":"https:\/\/eminteknikservis.com\/index.php\/wp-json\/wp\/v2\/product_brand?post=6052"},{"taxonomy":"product_cat","embeddable":true,"href":"https:\/\/eminteknikservis.com\/index.php\/wp-json\/wp\/v2\/product_cat?post=6052"},{"taxonomy":"product_tag","embeddable":true,"href":"https:\/\/eminteknikservis.com\/index.php\/wp-json\/wp\/v2\/product_tag?post=6052"}],"curies":[{"name":"wp","href":"https:\/\/api.w.org\/{rel}","templated":true}]}}