{"id":271,"date":"2022-03-03T15:11:18","date_gmt":"2022-03-03T08:11:18","guid":{"rendered":"http:\/\/eminteknikservis.com\/?post_type=product&#038;p=271"},"modified":"2024-02-13T21:44:46","modified_gmt":"2024-02-13T21:44:46","slug":"dahua-hac-hfw1209tlm-a-led-2mp-3-6mm-full-color-hdcvi-bullet-kamera-dahili-mik","status":"publish","type":"product","link":"https:\/\/eminteknikservis.com\/index.php\/\/urun\/dahua-hac-hfw1209tlm-a-led-2mp-3-6mm-full-color-hdcvi-bullet-kamera-dahili-mik\/","title":{"rendered":"DAHUA HAC-HFW1209TLM-A-LED 2MP 3.6mm Full-color HDCVI Bullet Kamera(-Dahili mik"},"content":{"rendered":"<p>DAHUA HAC-HFW1209TLM-A-LED 2MP 3.6mm Full-color HDCVI Bullet Kamera(-Dahili mik<\/p>\n<table width=\"930\">\n<tbody>\n<tr>\n<td><strong>Kamera Kasa Tipi<\/strong><\/td>\n<td>Bullet<\/td>\n<td width=\"50\"><\/td>\n<\/tr>\n<tr>\n<td><strong>Lens Tipi<\/strong><\/td>\n<td>Sabit Lens<\/td>\n<td width=\"50\"><\/td>\n<\/tr>\n<tr>\n<td><strong>Kamera Ses Deste\u011fi<\/strong><\/td>\n<td>Dahili Mikrofon<\/td>\n<td width=\"50\"><\/td>\n<\/tr>\n<tr>\n<td><strong>WDR<\/strong><\/td>\n<td>DWDR<\/td>\n<td width=\"50\"><\/td>\n<\/tr>\n<tr>\n<td><strong>Alarm Deste\u011fi<\/strong><\/td>\n<td>Yok<\/td>\n<td width=\"50\"><\/td>\n<\/tr>\n<tr>\n<td><strong>PoE Deste\u011fi<\/strong><\/td>\n<td>Yok<\/td>\n<td width=\"50\"><\/td>\n<\/tr>\n<tr>\n<td><strong>Gece G\u00f6r\u00fc\u015f Mesafesi<\/strong><\/td>\n<td>40m<\/td>\n<td width=\"50\"><\/td>\n<\/tr>\n<tr>\n<td><strong>Kamera \u00c7\u00f6z\u00fcn\u00fcrl\u00fck<\/strong><\/td>\n<td>2MP<\/td>\n<td width=\"50\"><\/td>\n<\/tr>\n<tr>\n<td><strong>Koruma Direnci<\/strong><\/td>\n<td>IP67<\/td>\n<td width=\"50\"><\/td>\n<\/tr>\n<tr>\n<td><strong>Lens \u00d6zelli\u011fi<\/strong><\/td>\n<td>3.6mm<\/td>\n<td width=\"50\"><\/td>\n<\/tr>\n<tr>\n<td><strong>24\/7 Color<\/strong><\/td>\n<td>Var<\/td>\n<td><\/td>\n<\/tr>\n<\/tbody>\n<\/table>\n<p>&nbsp;<\/p>\n","protected":false},"excerpt":{"rendered":"<p>DAHUA HAC-HFW1209TLM-A-LED 2MP 3.6mm Full-color HDCVI Bullet Kamera(-Dahili mik<\/p>\n<ul class=\"ul-style check\">\n<li>Marka:\u00a0<span class=\"font-bold\">DAHUA<\/span><\/li>\n<li>\u00dcr\u00fcn No: HDCVI1209TLM<\/li>\n<\/ul>\n","protected":false},"featured_media":5319,"comment_status":"open","ping_status":"closed","template":"","meta":{"om_disable_all_campaigns":false,"_monsterinsights_skip_tracking":false,"_monsterinsights_sitenote_active":false,"_monsterinsights_sitenote_note":"","_monsterinsights_sitenote_category":0,"_uf_show_specific_survey":0,"_uf_disable_surveys":false},"product_brand":[],"product_cat":[73,156],"product_tag":[],"class_list":{"0":"post-271","1":"product","2":"type-product","3":"status-publish","4":"has-post-thumbnail","6":"product_cat-analog","7":"product_cat-bullet-kameralar","8":"ts_product_brand-dahua","10":"first","11":"instock","12":"taxable","13":"shipping-taxable","14":"product-type-simple","15":"add-to-wishlist-after_add_to_cart"},"aioseo_notices":[],"_links":{"self":[{"href":"https:\/\/eminteknikservis.com\/index.php\/wp-json\/wp\/v2\/product\/271","targetHints":{"allow":["GET"]}}],"collection":[{"href":"https:\/\/eminteknikservis.com\/index.php\/wp-json\/wp\/v2\/product"}],"about":[{"href":"https:\/\/eminteknikservis.com\/index.php\/wp-json\/wp\/v2\/types\/product"}],"replies":[{"embeddable":true,"href":"https:\/\/eminteknikservis.com\/index.php\/wp-json\/wp\/v2\/comments?post=271"}],"version-history":[{"count":2,"href":"https:\/\/eminteknikservis.com\/index.php\/wp-json\/wp\/v2\/product\/271\/revisions"}],"predecessor-version":[{"id":5320,"href":"https:\/\/eminteknikservis.com\/index.php\/wp-json\/wp\/v2\/product\/271\/revisions\/5320"}],"wp:featuredmedia":[{"embeddable":true,"href":"https:\/\/eminteknikservis.com\/index.php\/wp-json\/wp\/v2\/media\/5319"}],"wp:attachment":[{"href":"https:\/\/eminteknikservis.com\/index.php\/wp-json\/wp\/v2\/media?parent=271"}],"wp:term":[{"taxonomy":"product_brand","embeddable":true,"href":"https:\/\/eminteknikservis.com\/index.php\/wp-json\/wp\/v2\/product_brand?post=271"},{"taxonomy":"product_cat","embeddable":true,"href":"https:\/\/eminteknikservis.com\/index.php\/wp-json\/wp\/v2\/product_cat?post=271"},{"taxonomy":"product_tag","embeddable":true,"href":"https:\/\/eminteknikservis.com\/index.php\/wp-json\/wp\/v2\/product_tag?post=271"}],"curies":[{"name":"wp","href":"https:\/\/api.w.org\/{rel}","templated":true}]}}