{"id":257,"date":"2022-03-03T14:56:36","date_gmt":"2022-03-03T07:56:36","guid":{"rendered":"http:\/\/eminteknikservis.com\/?post_type=product&#038;p=257"},"modified":"2024-02-13T21:45:05","modified_gmt":"2024-02-13T21:45:05","slug":"dahua-hac-hfw1200rp-z-ire6-2mp-2712mm-motorize-hdcvi-ir-bullet-kamera","status":"publish","type":"product","link":"https:\/\/eminteknikservis.com\/index.php\/\/urun\/dahua-hac-hfw1200rp-z-ire6-2mp-2712mm-motorize-hdcvi-ir-bullet-kamera\/","title":{"rendered":"DAHUA HAC-HFW1200RP-Z-IRE6 2MP 2,7~12mm Motorize HDCVI IR Bullet Kamera"},"content":{"rendered":"<p>DAHUA HAC-HFW1200RP-Z-IRE6 2MP 2,7~12mm Motorize HDCVI IR Bullet Kamera<\/p>\n<table width=\"930\">\n<tbody>\n<tr>\n<td><strong>Kamera Kasa Tipi<\/strong><\/td>\n<td>Bullet<\/td>\n<\/tr>\n<tr>\n<td><strong>Lens Tipi<\/strong><\/td>\n<td>Motorize Lens<\/td>\n<\/tr>\n<tr>\n<td><strong>Kamera Ses Deste\u011fi<\/strong><\/td>\n<td>Yok<\/td>\n<\/tr>\n<tr>\n<td><strong>WDR<\/strong><\/td>\n<td>DWDR<\/td>\n<\/tr>\n<tr>\n<td><strong>Alarm Deste\u011fi<\/strong><\/td>\n<td>Yok<\/td>\n<\/tr>\n<tr>\n<td><strong>PoE Deste\u011fi<\/strong><\/td>\n<td>Yok<\/td>\n<\/tr>\n<tr>\n<td><strong>Gece G\u00f6r\u00fc\u015f Mesafesi<\/strong><\/td>\n<td>60m<\/td>\n<\/tr>\n<tr>\n<td><strong>Kamera \u00c7\u00f6z\u00fcn\u00fcrl\u00fck<\/strong><\/td>\n<td>2MP<\/td>\n<\/tr>\n<tr>\n<td><strong>Koruma Direnci<\/strong><\/td>\n<td>IP67<\/td>\n<\/tr>\n<tr>\n<td><strong>Lens \u00d6zelli\u011fi<\/strong><\/td>\n<td>2.7-12mm<\/td>\n<\/tr>\n<tr>\n<td><strong>24\/7 Color<\/strong><\/td>\n<td>Yok<\/td>\n<\/tr>\n<\/tbody>\n<\/table>\n","protected":false},"excerpt":{"rendered":"<p>DAHUA HAC-HFW1200RP-Z-IRE6 2MP 2,7~12mm Motorize HDCVI IR Bullet Kamera<\/p>\n<ul class=\"ul-style check\">\n<li>Marka:\u00a0<span class=\"font-bold\">DAHUA<\/span><\/li>\n<li>\u00dcr\u00fcn No: HDCVI1200RP-z<\/li>\n<\/ul>\n","protected":false},"featured_media":5326,"comment_status":"open","ping_status":"closed","template":"","meta":{"om_disable_all_campaigns":false,"_monsterinsights_skip_tracking":false,"_monsterinsights_sitenote_active":false,"_monsterinsights_sitenote_note":"","_monsterinsights_sitenote_category":0,"_uf_show_specific_survey":0,"_uf_disable_surveys":false},"product_brand":[],"product_cat":[73,156],"product_tag":[137],"class_list":{"0":"post-257","1":"product","2":"type-product","3":"status-publish","4":"has-post-thumbnail","6":"product_cat-analog","7":"product_cat-bullet-kameralar","8":"product_tag-nvr","9":"ts_product_brand-dahua","11":"first","12":"instock","13":"taxable","14":"shipping-taxable","15":"product-type-simple","16":"add-to-wishlist-after_add_to_cart"},"aioseo_notices":[],"_links":{"self":[{"href":"https:\/\/eminteknikservis.com\/index.php\/wp-json\/wp\/v2\/product\/257","targetHints":{"allow":["GET"]}}],"collection":[{"href":"https:\/\/eminteknikservis.com\/index.php\/wp-json\/wp\/v2\/product"}],"about":[{"href":"https:\/\/eminteknikservis.com\/index.php\/wp-json\/wp\/v2\/types\/product"}],"replies":[{"embeddable":true,"href":"https:\/\/eminteknikservis.com\/index.php\/wp-json\/wp\/v2\/comments?post=257"}],"version-history":[{"count":2,"href":"https:\/\/eminteknikservis.com\/index.php\/wp-json\/wp\/v2\/product\/257\/revisions"}],"predecessor-version":[{"id":5328,"href":"https:\/\/eminteknikservis.com\/index.php\/wp-json\/wp\/v2\/product\/257\/revisions\/5328"}],"wp:featuredmedia":[{"embeddable":true,"href":"https:\/\/eminteknikservis.com\/index.php\/wp-json\/wp\/v2\/media\/5326"}],"wp:attachment":[{"href":"https:\/\/eminteknikservis.com\/index.php\/wp-json\/wp\/v2\/media?parent=257"}],"wp:term":[{"taxonomy":"product_brand","embeddable":true,"href":"https:\/\/eminteknikservis.com\/index.php\/wp-json\/wp\/v2\/product_brand?post=257"},{"taxonomy":"product_cat","embeddable":true,"href":"https:\/\/eminteknikservis.com\/index.php\/wp-json\/wp\/v2\/product_cat?post=257"},{"taxonomy":"product_tag","embeddable":true,"href":"https:\/\/eminteknikservis.com\/index.php\/wp-json\/wp\/v2\/product_tag?post=257"}],"curies":[{"name":"wp","href":"https:\/\/api.w.org\/{rel}","templated":true}]}}